{"id":1556,"date":"2017-07-11T06:30:09","date_gmt":"2017-07-11T06:30:09","guid":{"rendered":"https:\/\/agropecuariasanjulian.com\/index.php\/about-3\/"},"modified":"2021-08-14T19:42:42","modified_gmt":"2021-08-15T01:42:42","slug":"about-3","status":"publish","type":"page","link":"https:\/\/agropecuariasanjulian.com\/index.php\/about-3\/","title":{"rendered":"Nosotros"},"content":{"rendered":"\t\t<div data-elementor-type=\"wp-post\" data-elementor-id=\"1556\" class=\"elementor elementor-1556\">\n\t\t\t\t\t\t\t\t\t<section class=\"elementor-section elementor-top-section elementor-element elementor-element-3efc614 elementor-section-boxed elementor-section-height-default elementor-section-height-default\" data-id=\"3efc614\" data-element_type=\"section\" data-settings=\"{&quot;background_background&quot;:&quot;classic&quot;}\">\n\t\t\t\t\t\t\t<div class=\"elementor-background-overlay\"><\/div>\n\t\t\t\t\t\t\t<div class=\"elementor-container elementor-column-gap-no\">\n\t\t\t\t\t<div class=\"elementor-column elementor-col-100 elementor-top-column elementor-element elementor-element-11700ba\" data-id=\"11700ba\" data-element_type=\"column\">\n\t\t\t<div class=\"elementor-widget-wrap elementor-element-populated\">\n\t\t\t\t\t\t\t\t<div class=\"elementor-element elementor-element-ad4e4b0 elementor-widget elementor-widget-heading\" data-id=\"ad4e4b0\" data-element_type=\"widget\" data-widget_type=\"heading.default\">\n\t\t\t\t<div class=\"elementor-widget-container\">\n\t\t\t<h1 class=\"elementor-heading-title elementor-size-default\">\u00bfQui\u00e9nes somos?<\/h1>\t\t<\/div>\n\t\t\t\t<\/div>\n\t\t\t\t<div class=\"elementor-element elementor-element-d648e0d elementor-widget elementor-widget-text-editor\" data-id=\"d648e0d\" data-element_type=\"widget\" data-widget_type=\"text-editor.default\">\n\t\t\t\t<div class=\"elementor-widget-container\">\n\t\t\t\t\t\t\t<p>Somos una empresa fundada con bases y valores familiares que han sido transmitidos por generaciones.<\/p><p>Esta empresa inicio con un gran sue\u00f1o de dos amigos, que, al trabajar por m\u00e1s de 20 a\u00f1os en el desarrollo del sector pecuario, pudieron conocer grandes oportunidades y necesidades del productor nacional, debido a esto decidieron unir esfuerzos con la visi\u00f3n y promesa de buscar generar un impacto positivo, desarrollar al productor, mejorar el desempe\u00f1o de los animales y apoyar al sector agropecuario.<\/p>\t\t\t\t\t\t<\/div>\n\t\t\t\t<\/div>\n\t\t\t\t\t<\/div>\n\t\t<\/div>\n\t\t\t\t\t\t\t<\/div>\n\t\t<\/section>\n\t\t\t\t<section class=\"elementor-section elementor-top-section elementor-element elementor-element-6db1947 elementor-section-boxed elementor-section-height-default elementor-section-height-default\" data-id=\"6db1947\" data-element_type=\"section\">\n\t\t\t\t\t\t<div class=\"elementor-container elementor-column-gap-no\">\n\t\t\t\t\t<div class=\"elementor-column elementor-col-50 elementor-top-column elementor-element elementor-element-225da79\" data-id=\"225da79\" data-element_type=\"column\">\n\t\t\t<div class=\"elementor-widget-wrap elementor-element-populated\">\n\t\t\t\t\t\t\t\t<div class=\"elementor-element elementor-element-a86e7fc elementor-view-stacked elementor-shape-circle elementor-mobile-position-top elementor-vertical-align-top elementor-widget elementor-widget-icon-box\" data-id=\"a86e7fc\" data-element_type=\"widget\" data-widget_type=\"icon-box.default\">\n\t\t\t\t<div class=\"elementor-widget-container\">\n\t\t\t\t\t<div class=\"elementor-icon-box-wrapper\">\n\t\t\t\t\t\t<div class=\"elementor-icon-box-icon\">\n\t\t\t\t<span class=\"elementor-icon elementor-animation-\" >\n\t\t\t\t<i aria-hidden=\"true\" class=\"fas fa-share\"><\/i>\t\t\t\t<\/span>\n\t\t\t<\/div>\n\t\t\t\t\t\t<div class=\"elementor-icon-box-content\">\n\t\t\t\t<h4 class=\"elementor-icon-box-title\">\n\t\t\t\t\t<span  >\n\t\t\t\t\t\tProp\u00f3sito\t\t\t\t\t<\/span>\n\t\t\t\t<\/h4>\n\t\t\t\t\t\t\t\t\t<p class=\"elementor-icon-box-description\">\n\t\t\t\t\t\tGenerar un impacto positivo en el sector agropecuario a trav\u00e9s del desarrollo de nuestros clientes.\t\t\t\t\t<\/p>\n\t\t\t\t\t\t\t<\/div>\n\t\t<\/div>\n\t\t\t\t<\/div>\n\t\t\t\t<\/div>\n\t\t\t\t\t<\/div>\n\t\t<\/div>\n\t\t\t\t<div class=\"elementor-column elementor-col-50 elementor-top-column elementor-element elementor-element-7b1d3ff\" data-id=\"7b1d3ff\" data-element_type=\"column\">\n\t\t\t<div class=\"elementor-widget-wrap elementor-element-populated\">\n\t\t\t\t\t\t\t\t<div class=\"elementor-element elementor-element-c13be23 elementor-view-stacked elementor-shape-circle elementor-mobile-position-top elementor-vertical-align-top elementor-widget elementor-widget-icon-box\" data-id=\"c13be23\" data-element_type=\"widget\" data-widget_type=\"icon-box.default\">\n\t\t\t\t<div class=\"elementor-widget-container\">\n\t\t\t\t\t<div class=\"elementor-icon-box-wrapper\">\n\t\t\t\t\t\t<div class=\"elementor-icon-box-icon\">\n\t\t\t\t<span class=\"elementor-icon elementor-animation-\" >\n\t\t\t\t<i aria-hidden=\"true\" class=\"fas fa-trophy\"><\/i>\t\t\t\t<\/span>\n\t\t\t<\/div>\n\t\t\t\t\t\t<div class=\"elementor-icon-box-content\">\n\t\t\t\t<h4 class=\"elementor-icon-box-title\">\n\t\t\t\t\t<span  >\n\t\t\t\t\t\tValores\t\t\t\t\t<\/span>\n\t\t\t\t<\/h4>\n\t\t\t\t\t\t\t\t\t<p class=\"elementor-icon-box-description\">\n\t\t\t\t\t\t\u2022\tIntegridad\n\u2022\tResponsabilidad\n\u2022\tConfianza\n\u2022\tOrientaci\u00f3n al Cliente\t\t\t\t\t<\/p>\n\t\t\t\t\t\t\t<\/div>\n\t\t<\/div>\n\t\t\t\t<\/div>\n\t\t\t\t<\/div>\n\t\t\t\t\t<\/div>\n\t\t<\/div>\n\t\t\t\t\t\t\t<\/div>\n\t\t<\/section>\n\t\t\t\t<section class=\"elementor-section elementor-top-section elementor-element elementor-element-ace6056 elementor-section-boxed elementor-section-height-default elementor-section-height-default\" data-id=\"ace6056\" data-element_type=\"section\">\n\t\t\t\t\t\t<div class=\"elementor-container elementor-column-gap-no\">\n\t\t\t\t\t<div class=\"elementor-column elementor-col-100 elementor-top-column elementor-element elementor-element-08fcfe5\" data-id=\"08fcfe5\" data-element_type=\"column\">\n\t\t\t<div class=\"elementor-widget-wrap elementor-element-populated\">\n\t\t\t\t\t\t\t\t<div class=\"elementor-element elementor-element-11ff0f6 elementor-widget elementor-widget-image\" data-id=\"11ff0f6\" data-element_type=\"widget\" data-widget_type=\"image.default\">\n\t\t\t\t<div class=\"elementor-widget-container\">\n\t\t\t\t\t\t\t\t\t\t\t\t\t\t\t<img width=\"640\" height=\"480\" src=\"https:\/\/agropecuariasanjulian.com\/wp-content\/uploads\/2021\/05\/11.png\" class=\"attachment-medium_large size-medium_large\" alt=\"\" loading=\"lazy\" srcset=\"https:\/\/agropecuariasanjulian.com\/wp-content\/uploads\/2021\/05\/11.png 640w, https:\/\/agropecuariasanjulian.com\/wp-content\/uploads\/2021\/05\/11-300x225.png 300w\" sizes=\"(max-width: 640px) 100vw, 640px\" \/>\t\t\t\t\t\t\t\t\t\t\t\t\t\t\t<\/div>\n\t\t\t\t<\/div>\n\t\t\t\t<section class=\"elementor-section elementor-inner-section elementor-element elementor-element-498156a elementor-section-boxed elementor-section-height-default elementor-section-height-default\" data-id=\"498156a\" data-element_type=\"section\">\n\t\t\t\t\t\t<div class=\"elementor-container elementor-column-gap-no\">\n\t\t\t\t\t<div class=\"elementor-column elementor-col-100 elementor-inner-column elementor-element elementor-element-92f42b9\" data-id=\"92f42b9\" data-element_type=\"column\">\n\t\t\t<div class=\"elementor-widget-wrap elementor-element-populated\">\n\t\t\t\t\t\t\t\t<div class=\"elementor-element elementor-element-c06c4a3 elementor-widget elementor-widget-heading\" data-id=\"c06c4a3\" data-element_type=\"widget\" data-widget_type=\"heading.default\">\n\t\t\t\t<div class=\"elementor-widget-container\">\n\t\t\t<h3 class=\"elementor-heading-title elementor-size-default\">Proveemos el mejor servicio y los mejores productos del mercado.<\/h3>\t\t<\/div>\n\t\t\t\t<\/div>\n\t\t\t\t\t<\/div>\n\t\t<\/div>\n\t\t\t\t\t\t\t<\/div>\n\t\t<\/section>\n\t\t\t\t\t<\/div>\n\t\t<\/div>\n\t\t\t\t\t\t\t<\/div>\n\t\t<\/section>\n\t\t\t\t<section class=\"elementor-section elementor-top-section elementor-element elementor-element-8f6bd56 elementor-section-boxed elementor-section-height-default elementor-section-height-default\" data-id=\"8f6bd56\" data-element_type=\"section\" data-settings=\"{&quot;background_background&quot;:&quot;classic&quot;}\">\n\t\t\t\t\t\t<div class=\"elementor-container elementor-column-gap-no\">\n\t\t\t\t\t<div class=\"elementor-column elementor-col-100 elementor-top-column elementor-element elementor-element-80c286f\" data-id=\"80c286f\" data-element_type=\"column\">\n\t\t\t<div class=\"elementor-widget-wrap elementor-element-populated\">\n\t\t\t\t\t\t\t\t<div class=\"elementor-element elementor-element-3d6c1ad elementor-widget elementor-widget-heading\" data-id=\"3d6c1ad\" data-element_type=\"widget\" data-widget_type=\"heading.default\">\n\t\t\t\t<div class=\"elementor-widget-container\">\n\t\t\t<h2 class=\"elementor-heading-title elementor-size-default\">Nuestros productos<\/h2>\t\t<\/div>\n\t\t\t\t<\/div>\n\t\t\t\t<div class=\"elementor-element elementor-element-421000d elementor-widget-divider--view-line elementor-widget elementor-widget-divider\" data-id=\"421000d\" data-element_type=\"widget\" data-widget_type=\"divider.default\">\n\t\t\t\t<div class=\"elementor-widget-container\">\n\t\t\t\t\t<div class=\"elementor-divider\">\n\t\t\t<span class=\"elementor-divider-separator\">\n\t\t\t\t\t\t<\/span>\n\t\t<\/div>\n\t\t\t\t<\/div>\n\t\t\t\t<\/div>\n\t\t\t\t<div class=\"elementor-element elementor-element-8f695c1 elementor-widget elementor-widget-text-editor\" data-id=\"8f695c1\" data-element_type=\"widget\" data-widget_type=\"text-editor.default\">\n\t\t\t\t<div class=\"elementor-widget-container\">\n\t\t\t\t\t\t\t<p>Contamos con el apoyo y respaldo de las marcas de mayor prestigio del pa\u00eds, todas y cada una seleccionadas por su calidad y desempe\u00f1o, ya que cuentan con los m\u00e1s altos est\u00e1ndares en todos sus procesos, desde la recepci\u00f3n de los ingredientes y materias primas, hasta la entrega de los productos al cliente, con lo que se busca lograr que el productor obtenga los mejores resultados en su sistema de producci\u00f3n.<\/p><p>.<\/p>\t\t\t\t\t\t<\/div>\n\t\t\t\t<\/div>\n\t\t\t\t<div class=\"elementor-element elementor-element-bb945bc elementor-tablet-align-left elementor-widget elementor-widget-button\" data-id=\"bb945bc\" data-element_type=\"widget\" data-widget_type=\"button.default\">\n\t\t\t\t<div class=\"elementor-widget-container\">\n\t\t\t\t\t<div class=\"elementor-button-wrapper\">\n\t\t\t<a href=\"https:\/\/agropecuariasanjulian.com\/index.php\/contact-2\/\" class=\"elementor-button-link elementor-button elementor-size-sm\" role=\"button\">\n\t\t\t\t\t\t<span class=\"elementor-button-content-wrapper\">\n\t\t\t\t\t\t<span class=\"elementor-button-text\">Solicita t\u00fa cotizaci\u00f3n<\/span>\n\t\t<\/span>\n\t\t\t\t\t<\/a>\n\t\t<\/div>\n\t\t\t\t<\/div>\n\t\t\t\t<\/div>\n\t\t\t\t\t<\/div>\n\t\t<\/div>\n\t\t\t\t\t\t\t<\/div>\n\t\t<\/section>\n\t\t\t\t<section class=\"elementor-section elementor-top-section elementor-element elementor-element-bbe29f7 elementor-section-boxed elementor-section-height-default elementor-section-height-default\" data-id=\"bbe29f7\" data-element_type=\"section\">\n\t\t\t\t\t\t<div class=\"elementor-container elementor-column-gap-default\">\n\t\t\t\t\t<div class=\"elementor-column elementor-col-100 elementor-top-column elementor-element elementor-element-ea04f3a\" data-id=\"ea04f3a\" data-element_type=\"column\">\n\t\t\t<div class=\"elementor-widget-wrap elementor-element-populated\">\n\t\t\t\t\t\t\t\t<div class=\"elementor-element elementor-element-6ac952b elementor-widget elementor-widget-spacer\" data-id=\"6ac952b\" data-element_type=\"widget\" data-widget_type=\"spacer.default\">\n\t\t\t\t<div class=\"elementor-widget-container\">\n\t\t\t\t\t<div class=\"elementor-spacer\">\n\t\t\t<div class=\"elementor-spacer-inner\"><\/div>\n\t\t<\/div>\n\t\t\t\t<\/div>\n\t\t\t\t<\/div>\n\t\t\t\t<div class=\"elementor-element elementor-element-a2b3309 elementor-arrows-position-outside elementor-pagination-position-outside elementor-widget elementor-widget-image-carousel\" data-id=\"a2b3309\" data-element_type=\"widget\" data-settings=\"{&quot;navigation&quot;:&quot;both&quot;,&quot;autoplay&quot;:&quot;yes&quot;,&quot;pause_on_hover&quot;:&quot;yes&quot;,&quot;pause_on_interaction&quot;:&quot;yes&quot;,&quot;autoplay_speed&quot;:5000,&quot;infinite&quot;:&quot;yes&quot;,&quot;speed&quot;:500}\" data-widget_type=\"image-carousel.default\">\n\t\t\t\t<div class=\"elementor-widget-container\">\n\t\t\t\t\t<div class=\"elementor-image-carousel-wrapper swiper-container\" dir=\"ltr\">\n\t\t\t<div class=\"elementor-image-carousel swiper-wrapper\">\n\t\t\t\t\t\t\t\t<div class=\"swiper-slide\"><figure class=\"swiper-slide-inner\"><img class=\"swiper-slide-image\" src=\"https:\/\/agropecuariasanjulian.com\/wp-content\/uploads\/2021\/05\/Sangre-Real-con-avena-y-aroma-a-manzana-167x300.png\" alt=\"Sangre Real con avena y aroma a manzana\" \/><\/figure><\/div><div class=\"swiper-slide\"><figure class=\"swiper-slide-inner\"><img class=\"swiper-slide-image\" src=\"https:\/\/agropecuariasanjulian.com\/wp-content\/uploads\/2021\/05\/Aliengorde-2-Peletizado-187x300.png\" alt=\"Aliengorde 2 Peletizado\" \/><\/figure><\/div><div class=\"swiper-slide\"><figure class=\"swiper-slide-inner\"><img class=\"swiper-slide-image\" src=\"https:\/\/agropecuariasanjulian.com\/wp-content\/uploads\/2021\/05\/Aliengorde-2-Harina-185x300.png\" alt=\"Aliengorde 2 Harina\" \/><\/figure><\/div><div class=\"swiper-slide\"><figure class=\"swiper-slide-inner\"><img class=\"swiper-slide-image\" src=\"https:\/\/agropecuariasanjulian.com\/wp-content\/uploads\/2021\/05\/Aliengorde-1-Peletizado-201x300.png\" alt=\"Aliengorde 1 Peletizado\" \/><\/figure><\/div><div class=\"swiper-slide\"><figure class=\"swiper-slide-inner\"><img class=\"swiper-slide-image\" src=\"https:\/\/agropecuariasanjulian.com\/wp-content\/uploads\/2021\/05\/Aliengorde-1-Harina-174x300.png\" alt=\"Aliengorde 1 Harina\" \/><\/figure><\/div><div class=\"swiper-slide\"><figure class=\"swiper-slide-inner\"><img class=\"swiper-slide-image\" src=\"https:\/\/agropecuariasanjulian.com\/wp-content\/uploads\/2021\/05\/Aliponedora-1-193x300.png\" alt=\"Aliponedora 1\" \/><\/figure><\/div>\t\t\t<\/div>\n\t\t\t\t\t\t\t\t\t\t\t\t<div class=\"swiper-pagination\"><\/div>\n\t\t\t\t\t\t\t\t\t\t\t\t\t<div class=\"elementor-swiper-button elementor-swiper-button-prev\">\n\t\t\t\t\t\t<i aria-hidden=\"true\" class=\"eicon-chevron-left\"><\/i>\t\t\t\t\t\t<span class=\"elementor-screen-only\">Previous<\/span>\n\t\t\t\t\t<\/div>\n\t\t\t\t\t<div class=\"elementor-swiper-button elementor-swiper-button-next\">\n\t\t\t\t\t\t<i aria-hidden=\"true\" class=\"eicon-chevron-right\"><\/i>\t\t\t\t\t\t<span class=\"elementor-screen-only\">Next<\/span>\n\t\t\t\t\t<\/div>\n\t\t\t\t\t\t\t\t\t<\/div>\n\t\t\t\t<\/div>\n\t\t\t\t<\/div>\n\t\t\t\t\t<\/div>\n\t\t<\/div>\n\t\t\t\t\t\t\t<\/div>\n\t\t<\/section>\n\t\t\t\t\t\t\t<\/div>\n\t\t","protected":false},"excerpt":{"rendered":"<p>\u00bfQui\u00e9nes somos? Somos una empresa fundada con bases y valores familiares que han sido transmitidos por generaciones. Esta empresa inicio con un gran sue\u00f1o de dos amigos, que, al trabajar por m\u00e1s de 20 a\u00f1os en el desarrollo del sector pecuario, pudieron conocer grandes oportunidades y necesidades del productor nacional, debido a esto decidieron unir &hellip;<\/p>\n<p class=\"read-more\"> <a class=\"\" href=\"https:\/\/agropecuariasanjulian.com\/index.php\/about-3\/\"> <span class=\"screen-reader-text\">Nosotros<\/span> Read More &raquo;<\/a><\/p>\n","protected":false},"author":1,"featured_media":0,"parent":0,"menu_order":0,"comment_status":"closed","ping_status":"closed","template":"","meta":{"site-sidebar-layout":"no-sidebar","site-content-layout":"page-builder","ast-global-header-display":"","ast-main-header-display":"","ast-hfb-above-header-display":"","ast-hfb-below-header-display":"","ast-hfb-mobile-header-display":"","site-post-title":"disabled","ast-breadcrumbs-content":"","ast-featured-img":"disabled","footer-sml-layout":"","theme-transparent-header-meta":"enabled","adv-header-id-meta":"","stick-header-meta":"","header-above-stick-meta":"","header-main-stick-meta":"","header-below-stick-meta":""},"yoast_head":"<!-- This site is optimized with the Yoast SEO plugin v16.9 - https:\/\/yoast.com\/wordpress\/plugins\/seo\/ -->\n<title>Nosotros - Agropecuaria San Juli\u00e1n<\/title>\n<meta name=\"robots\" content=\"index, follow, max-snippet:-1, max-image-preview:large, max-video-preview:-1\" \/>\n<link rel=\"canonical\" href=\"https:\/\/agropecuariasanjulian.com\/index.php\/about-3\/\" \/>\n<meta property=\"og:locale\" content=\"es_ES\" \/>\n<meta property=\"og:type\" content=\"article\" \/>\n<meta property=\"og:title\" content=\"Nosotros - Agropecuaria San Juli\u00e1n\" \/>\n<meta property=\"og:description\" content=\"\u00bfQui\u00e9nes somos? Somos una empresa fundada con bases y valores familiares que han sido transmitidos por generaciones. Esta empresa inicio con un gran sue\u00f1o de dos amigos, que, al trabajar por m\u00e1s de 20 a\u00f1os en el desarrollo del sector pecuario, pudieron conocer grandes oportunidades y necesidades del productor nacional, debido a esto decidieron unir &hellip; Nosotros Read More &raquo;\" \/>\n<meta property=\"og:url\" content=\"https:\/\/agropecuariasanjulian.com\/index.php\/about-3\/\" \/>\n<meta property=\"og:site_name\" content=\"Agropecuaria San Juli\u00e1n\" \/>\n<meta property=\"article:modified_time\" content=\"2021-08-15T01:42:42+00:00\" \/>\n<meta property=\"og:image\" content=\"https:\/\/agropecuariasanjulian.com\/wp-content\/uploads\/2021\/05\/11.png\" \/>\n<meta name=\"twitter:card\" content=\"summary_large_image\" \/>\n<meta name=\"twitter:label1\" content=\"Est. reading time\" \/>\n\t<meta name=\"twitter:data1\" content=\"4 minutos\" \/>\n<script type=\"application\/ld+json\" class=\"yoast-schema-graph\">{\"@context\":\"https:\/\/schema.org\",\"@graph\":[{\"@type\":\"WebSite\",\"@id\":\"https:\/\/agropecuariasanjulian.com\/#website\",\"url\":\"https:\/\/agropecuariasanjulian.com\/\",\"name\":\"Agropecuaria San Juli\\u00e1n\",\"description\":\"De todo para tus granjas.\",\"potentialAction\":[{\"@type\":\"SearchAction\",\"target\":{\"@type\":\"EntryPoint\",\"urlTemplate\":\"https:\/\/agropecuariasanjulian.com\/?s={search_term_string}\"},\"query-input\":\"required name=search_term_string\"}],\"inLanguage\":\"es\"},{\"@type\":\"ImageObject\",\"@id\":\"https:\/\/agropecuariasanjulian.com\/index.php\/about-3\/#primaryimage\",\"inLanguage\":\"es\",\"url\":\"https:\/\/agropecuariasanjulian.com\/wp-content\/uploads\/2021\/05\/11.png\",\"contentUrl\":\"https:\/\/agropecuariasanjulian.com\/wp-content\/uploads\/2021\/05\/11.png\",\"width\":640,\"height\":480},{\"@type\":\"WebPage\",\"@id\":\"https:\/\/agropecuariasanjulian.com\/index.php\/about-3\/#webpage\",\"url\":\"https:\/\/agropecuariasanjulian.com\/index.php\/about-3\/\",\"name\":\"Nosotros - Agropecuaria San Juli\\u00e1n\",\"isPartOf\":{\"@id\":\"https:\/\/agropecuariasanjulian.com\/#website\"},\"primaryImageOfPage\":{\"@id\":\"https:\/\/agropecuariasanjulian.com\/index.php\/about-3\/#primaryimage\"},\"datePublished\":\"2017-07-11T06:30:09+00:00\",\"dateModified\":\"2021-08-15T01:42:42+00:00\",\"breadcrumb\":{\"@id\":\"https:\/\/agropecuariasanjulian.com\/index.php\/about-3\/#breadcrumb\"},\"inLanguage\":\"es\",\"potentialAction\":[{\"@type\":\"ReadAction\",\"target\":[\"https:\/\/agropecuariasanjulian.com\/index.php\/about-3\/\"]}]},{\"@type\":\"BreadcrumbList\",\"@id\":\"https:\/\/agropecuariasanjulian.com\/index.php\/about-3\/#breadcrumb\",\"itemListElement\":[{\"@type\":\"ListItem\",\"position\":1,\"name\":\"Bienvenido\",\"item\":\"https:\/\/agropecuariasanjulian.com\/\"},{\"@type\":\"ListItem\",\"position\":2,\"name\":\"Nosotros\"}]}]}<\/script>\n<!-- \/ Yoast SEO plugin. -->","yoast_head_json":{"title":"Nosotros - Agropecuaria San Juli\u00e1n","robots":{"index":"index","follow":"follow","max-snippet":"max-snippet:-1","max-image-preview":"max-image-preview:large","max-video-preview":"max-video-preview:-1"},"canonical":"https:\/\/agropecuariasanjulian.com\/index.php\/about-3\/","og_locale":"es_ES","og_type":"article","og_title":"Nosotros - Agropecuaria San Juli\u00e1n","og_description":"\u00bfQui\u00e9nes somos? Somos una empresa fundada con bases y valores familiares que han sido transmitidos por generaciones. Esta empresa inicio con un gran sue\u00f1o de dos amigos, que, al trabajar por m\u00e1s de 20 a\u00f1os en el desarrollo del sector pecuario, pudieron conocer grandes oportunidades y necesidades del productor nacional, debido a esto decidieron unir &hellip; Nosotros Read More &raquo;","og_url":"https:\/\/agropecuariasanjulian.com\/index.php\/about-3\/","og_site_name":"Agropecuaria San Juli\u00e1n","article_modified_time":"2021-08-15T01:42:42+00:00","og_image":[{"url":"https:\/\/agropecuariasanjulian.com\/wp-content\/uploads\/2021\/05\/11.png"}],"twitter_card":"summary_large_image","twitter_misc":{"Est. reading time":"4 minutos"},"schema":{"@context":"https:\/\/schema.org","@graph":[{"@type":"WebSite","@id":"https:\/\/agropecuariasanjulian.com\/#website","url":"https:\/\/agropecuariasanjulian.com\/","name":"Agropecuaria San Juli\u00e1n","description":"De todo para tus granjas.","potentialAction":[{"@type":"SearchAction","target":{"@type":"EntryPoint","urlTemplate":"https:\/\/agropecuariasanjulian.com\/?s={search_term_string}"},"query-input":"required name=search_term_string"}],"inLanguage":"es"},{"@type":"ImageObject","@id":"https:\/\/agropecuariasanjulian.com\/index.php\/about-3\/#primaryimage","inLanguage":"es","url":"https:\/\/agropecuariasanjulian.com\/wp-content\/uploads\/2021\/05\/11.png","contentUrl":"https:\/\/agropecuariasanjulian.com\/wp-content\/uploads\/2021\/05\/11.png","width":640,"height":480},{"@type":"WebPage","@id":"https:\/\/agropecuariasanjulian.com\/index.php\/about-3\/#webpage","url":"https:\/\/agropecuariasanjulian.com\/index.php\/about-3\/","name":"Nosotros - Agropecuaria San Juli\u00e1n","isPartOf":{"@id":"https:\/\/agropecuariasanjulian.com\/#website"},"primaryImageOfPage":{"@id":"https:\/\/agropecuariasanjulian.com\/index.php\/about-3\/#primaryimage"},"datePublished":"2017-07-11T06:30:09+00:00","dateModified":"2021-08-15T01:42:42+00:00","breadcrumb":{"@id":"https:\/\/agropecuariasanjulian.com\/index.php\/about-3\/#breadcrumb"},"inLanguage":"es","potentialAction":[{"@type":"ReadAction","target":["https:\/\/agropecuariasanjulian.com\/index.php\/about-3\/"]}]},{"@type":"BreadcrumbList","@id":"https:\/\/agropecuariasanjulian.com\/index.php\/about-3\/#breadcrumb","itemListElement":[{"@type":"ListItem","position":1,"name":"Bienvenido","item":"https:\/\/agropecuariasanjulian.com\/"},{"@type":"ListItem","position":2,"name":"Nosotros"}]}]}},"_links":{"self":[{"href":"https:\/\/agropecuariasanjulian.com\/index.php\/wp-json\/wp\/v2\/pages\/1556"}],"collection":[{"href":"https:\/\/agropecuariasanjulian.com\/index.php\/wp-json\/wp\/v2\/pages"}],"about":[{"href":"https:\/\/agropecuariasanjulian.com\/index.php\/wp-json\/wp\/v2\/types\/page"}],"author":[{"embeddable":true,"href":"https:\/\/agropecuariasanjulian.com\/index.php\/wp-json\/wp\/v2\/users\/1"}],"replies":[{"embeddable":true,"href":"https:\/\/agropecuariasanjulian.com\/index.php\/wp-json\/wp\/v2\/comments?post=1556"}],"version-history":[{"count":55,"href":"https:\/\/agropecuariasanjulian.com\/index.php\/wp-json\/wp\/v2\/pages\/1556\/revisions"}],"predecessor-version":[{"id":1987,"href":"https:\/\/agropecuariasanjulian.com\/index.php\/wp-json\/wp\/v2\/pages\/1556\/revisions\/1987"}],"wp:attachment":[{"href":"https:\/\/agropecuariasanjulian.com\/index.php\/wp-json\/wp\/v2\/media?parent=1556"}],"curies":[{"name":"wp","href":"https:\/\/api.w.org\/{rel}","templated":true}]}}